{"id":610,"date":"2024-01-17T20:41:08","date_gmt":"2024-01-17T18:41:08","guid":{"rendered":"https:\/\/tdahcerdanya.eu\/?page_id=610"},"modified":"2024-01-17T20:56:49","modified_gmt":"2024-01-17T18:56:49","slug":"avis-legal","status":"publish","type":"page","link":"https:\/\/tdahcerdanya.eu\/index.php\/avis-legal\/","title":{"rendered":"Av\u00eds Legal"},"content":{"rendered":"\n<p class=\"has-colibri-color-6-color has-colibri-color-2-background-color has-text-color has-background has-link-color has-medium-font-size wp-elements-35dcdcb050e2402c6d4325a6729e4ed9\"><strong>Lleis aplicables:<\/strong><\/p>\n\n\n\n<ul class=\"wp-block-list\">\n<li>El RGPD (Reglament (UE) 2016\/679 del Parlament Europeu i del Consell de 27 d&#8217;abril de 2016 relatiu a la protecci\u00f3 de les persones f\u00edsiques)<\/li>\n\n\n\n<li>La LOPD (Llei org\u00e0nica 15\/1999, de 13 de desembre, de Protecci\u00f3 de Dades de Car\u00e0cter Personal i Reial decret 1720\/2007, de 21 de desembre, el Reglament de desenvolupament de la LOPD)<\/li>\n\n\n\n<li>La LSSI (Llei 34\/2002, d&#8217;11 de juliol, de Serveis de la Societat de la Informaci\u00f3 i Comer\u00e7 Electr\u00f2nic en el blog)<\/li>\n<\/ul>\n\n\n\n<p class=\"has-colibri-color-6-color has-colibri-color-2-background-color has-text-color has-background has-link-color has-medium-font-size wp-elements-76753426edf0187ec85d82efc1be2015\"><strong>Responsable de la web tdahcerdanya.eu:<\/strong><\/p>\n\n\n\n<ul class=\"wp-block-list\">\n<li>Empresa comercial: Inform\u00e0tica IGUIN<\/li>\n\n\n\n<li>Web: https:\/\/iguin.eu<\/li>\n\n\n\n<li>DNI: 40560868T<\/li>\n\n\n\n<li>Domicili: 28bis, Avenue des guinguettes,66760 Bourg-Madame (France)<\/li>\n\n\n\n<li>Activitat: Serveis Inform\u00e0tics<\/li>\n\n\n\n<li>Correu electr\u00f2nic: informatica.iguin.eu@gmail.com<\/li>\n<\/ul>\n\n\n\n<p class=\"has-colibri-color-6-color has-colibri-color-2-background-color has-text-color has-background has-link-color has-medium-font-size wp-elements-767bb986fabb0407e504d149b0afcb5b\"><strong>Condicions:<\/strong><\/p>\n\n\n\n<p>Aquestes condicions regulen l&#8217;\u00fas, incloent l&#8217;acc\u00e9s a la web, de les p\u00e0gines que formen tdahcerdanya.eu, inclosos els continguts i els serveis que s&#8217;ofereixen.<\/p>\n\n\n\n<p>En accedir a la web tdahcerdanya.eu adquireixes la condici\u00f3 de \u201cusuari\u201d, i com a usuari has de con\u00e8ixer les condicions que regulen aquestes directrius de pol\u00edtiques d&#8217;av\u00eds legal i pol\u00edtiques de privacitat de la web tdahcerdanya.eu.<\/p>\n\n\n\n<p class=\"has-colibri-color-6-color has-colibri-color-2-background-color has-text-color has-background has-link-color has-medium-font-size wp-elements-3ec9f178389cffedf35aa92a3a393cb9\"><strong>Finalitat de la web tdahcerdanya.eu<\/strong><\/p>\n\n\n\n<p>La finalitat de la web \u00e9s oferir contingut sobre el TDAH, promoure informaci\u00f3 i col\u00b7laboraci\u00f3, oferir informaci\u00f3 d&#8217;esdeveniments i serveis de tercers relacionats amb el TDAH i informar de qualsevol informaci\u00f3 que la junta directiva de l&#8217;associaci\u00f3 TDAH Cerdanya cregui convenient i sigui d&#8217;inter\u00e8s p\u00fablic per als usuaris que visitin la nostra web tdahcerdanya.eu<\/p>\n\n\n\n<p class=\"has-colibri-color-6-color has-colibri-color-2-background-color has-text-color has-background has-link-color has-medium-font-size wp-elements-baeff7ad7efa7e9b3419c89c0782ac6f\"><strong>S&#8217;ofereixen els seg\u00fcents serveis:<\/strong><\/p>\n\n\n\n<ul class=\"wp-block-list\">\n<li>Informaci\u00f3 i contingut d&#8217;inter\u00e8s del TDAH.<\/li>\n\n\n\n<li>Informaci\u00f3 d&#8217;inter\u00e8s d&#8217;organismes p\u00fablics oficials.<\/li>\n\n\n\n<li>Blog de la web TDAH<\/li>\n\n\n\n<li>Blog pels usuaris<\/li>\n\n\n\n<li>P\u00e0gines personalitzades amb informaci\u00f3 d\u2019inter\u00e8s de l\u2019associaci\u00f3 TDAH Cerdanya per usuaris, usuaris registrats i usuaris registrats membres de l\u2019associaci\u00f3.<\/li>\n\n\n\n<li>Registre d&#8217;usuaris per a formar part de l&#8217;associaci\u00f3 TDAH Cerdanya.<\/li>\n<\/ul>\n\n\n\n<p class=\"has-colibri-color-6-color has-colibri-color-2-background-color has-text-color has-background has-link-color has-medium-font-size wp-elements-97f16a38998da67d5d123ea1444f130a\"><strong>Definici\u00f3 d&#8217;usuari, usuari registrat i usuari registrat membre de l&#8217;associaci\u00f3:<\/strong><\/p>\n\n\n\n<ul class=\"wp-block-list\">\n<li>Un usuari es defineix com una persona o entitat que accedeix a la p\u00e0gina web tdahcerdanya.eu i accedeix a la informaci\u00f3 habilitada per a usuari que per pol\u00edtiques d&#8217;administraci\u00f3 se li assignen.<\/li>\n\n\n\n<li>Un usuari registrat es defineix com una persona o entitat que es registra en la nostra associaci\u00f3 a trav\u00e9s de la p\u00e0gina web tdahcerdanya.eu i adquireix la condici\u00f3 d&#8217;usuari registrat en la web de l&#8217;associaci\u00f3, i accedeix a la informaci\u00f3  habilitada per a usuaris registrats que per pol\u00edtiques d&#8217;administraci\u00f3 se li assignen.<\/li>\n\n\n\n<li>Un usuari membre de l&#8217;associaci\u00f3 es defineix com una persona o entitat que es registra en la nostra associaci\u00f3 a trav\u00e9s de la p\u00e0gina web tdahcerdanya.eu, i a trav\u00e9s dels corresponents documents legals de l&#8217;associaci\u00f3 s&#8217;inscriu per a pert\u00e0nyer com a membre de l&#8217;associaci\u00f3 TDAH Cerdanya. Aquesta condici\u00f3 d&#8217;usuari (usuari membre de l&#8217;associaci\u00f3 TDAH Cerdanya) tindr\u00e0 acc\u00e9s a informaci\u00f3 habilitada per a usuaris membres de l&#8217;associaci\u00f3 que per pol\u00edtiques d&#8217;administraci\u00f3                         se li assignen.<\/li>\n<\/ul>\n\n\n\n<p class=\"has-colibri-color-6-color has-colibri-color-2-background-color has-text-color has-background has-link-color has-medium-font-size wp-elements-346143eea8ede80e66b73a0a745cc6f5\"><strong>Compromisos i obligacions com a usuari, usuari registrat i usuari membre de l&#8217;associaci\u00f3 de tdahcerdanya.eu:<\/strong><\/p>\n\n\n\n<p>Vost\u00e8 est\u00e0 informat i accepta que l&#8217;acc\u00e9s a tdahcerdanya.eu no suposa en cap manera l&#8217; inici d&#8217;una relaci\u00f3 comercial ja que aquesta p\u00e0gina web pertany a una associaci\u00f3 sense \u00e0nim de lucre i no presta cap servei contra prestaci\u00f3 econ\u00f2mica o benefici de qualsevol tipus.<\/p>\n\n\n\n<p>S&#8217;obliga a l&#8217;usuari que visiti o accedeixi a la p\u00e0gina web tdahcerdanya.eu que la utilitzi per al seu \u00fas com a usuari sense \u00e0nim de lucre, visitar i utilitzar la web amb actitud general respectuosa, escrupolosa, honesta i amb finalitats \u00e8tics dedicats al p\u00fablic en general, utilitzar el servei de correu electr\u00f2nic, missatgeria instant\u00e0nia, blog, reproduir v\u00eddeos, imatges, documents o altres mitjans audiovisuals i realitzar qualsevol tipus de transmissi\u00f3 o recepci\u00f3 que sigui legal i que procedeixi de l&#8217;autor de la p\u00e0gina web tdahcerdanya.eu.<\/p>\n\n\n\n<p class=\"has-colibri-color-6-color has-colibri-color-2-background-color has-text-color has-background has-link-color has-medium-font-size wp-elements-740d5cc4ca1ebb9a52af0c862e2bf0ea\"><strong><em><u>NO es podr\u00e0 utilitzar la web tdahcerdanya.eu amb les seg\u00fcents finalitats:<\/u><\/em><\/strong><\/p>\n\n\n\n<ul class=\"wp-block-list\">\n<li>Per a \u00fas personal, professional i comercial de car\u00e0cter temporal o permanent.<\/li>\n\n\n\n<li>Qualsevol vulneraci\u00f3 de drets d&#8217;autor de la web, contingut o honorabilitat de qualsevol mena d&#8217;informaci\u00f3 de l&#8217;associaci\u00f3 TDAH Cerdanya o de qualsevol usuari registrat.<\/li>\n\n\n\n<li>Qualsevol acte o conducta que pugui danyar la imatge de l&#8217;associaci\u00f3 TDAH Cerdanya.<\/li>\n\n\n\n<li>Qualsevol acte o conducta que pugui danyar, inutilitzar, sobrecarregar o perjudicar el bon funcionament de web.<\/li>\n\n\n\n<li>Transmissi\u00f3, c\u00f2pia, recepci\u00f3 o desc\u00e0rrega de qualsevol contingut pornogr\u00e0fic, sexual, fraudulent, difamatori, obsc\u00e8, ofensiu, vand\u00e0lic, insultant o assetjador.<\/li>\n\n\n\n<li>Transmissi\u00f3, c\u00f2pia, recepci\u00f3 o desc\u00e0rrega de qualsevol contingut sistem\u00e0tic del terror per a coaccionar, denominat com a acte de terrorisme.<\/li>\n\n\n\n<li>Interceptar, recopilar o emmagatzemar dades sobre tercers sense el seu coneixement o consentiment.<\/li>\n\n\n\n<li>Escanejar o provar la vulnerabilitat d&#8217;equips, sistemes o segments de xarxa pertanyents a la web tdahcerdanya.eu. Enviar missatges no sol\u00b7licitats (spam), virus, o atacs interns o externs a la xarxa.<\/li>\n\n\n\n<li>Obtenir acc\u00e9s no autoritzat a equips, sistemes o programes tant a l&#8217;interior de la xarxa com en manera externa. Tampoc podr\u00e0 utilitzar la web tdahcerdanya.eu per a obtenir, manipular i compartir qualsevol arxiu de text, de tipus musical o v\u00eddeo gr\u00e0fic, sense tenir els drets de propietat intel\u00b7lectual.<\/li>\n\n\n\n<li>Transmetre, copiar i\/o descarregar qualsevol material que violi qualsevol llei. Aix\u00f2 inclou entre altres: material amb dret d&#8217;autor, material amena\u00e7ador o obsc\u00e8, material protegit per secret comercial o patents, material de secret de sumari de qualsevol entitat o persona.<\/li>\n\n\n\n<li>Danyar equips, sistemes inform\u00e0tics o xarxes i\/o pertorbar el normal funcionament de la xarxa on est\u00e0 situada la p\u00e0gina web tdahcerdanya.eu. Ser usada amb finalitats de lucre, activitats comercials o il\u00b7legals. Ser utilitzada per a crear i\/o la col\u00b7locar un virus inform\u00e0tic o qualsevol acte que perjudiqui la xarxa.<\/li>\n\n\n\n<li>Transmissi\u00f3, c\u00f2pia, recepci\u00f3 o desc\u00e0rrega de dades de tipus personal de qualsevol tipus d&#8217;usuaris o usuaris registrats de la base de dades de la web tdahceranya.eu.<\/li>\n<\/ul>\n\n\n\n<p>He llegit, entenc i accepto aquestes condicions d&#8217;\u00fas de la web tdahcerdanya.eu i declaro con\u00e8ixer les normes d&#8217;\u00fas establertes per l&#8217;administrador que cedeix l&#8217;\u00fas del servei web tdahcerdanya.eu. Estic d&#8217;acord a acatar les normes anteriors i entendre que l&#8217; incompliment d&#8217;aquestes, poden resultar en el bloqueig dels meus drets per a usar com a usuari, usuari registrat o usuari membre de l&#8217;associaci\u00f3 TDAH Cerdanya la web tdahcerdanya.eu i que la junta directiva de l&#8217;associaci\u00f3 TDAH Cerdanya es reserva el dret de poder posar a la disposici\u00f3 de les autoritats competents en llei de comunicacions de tota l&#8217;activitat realitzada per mi en el servei web tdahcerdanya.eu i assumir les sancions i responsabilitats legals que corresponguin i que dictin les autoritats competents.<\/p>\n\n\n\n<p>S&#8217;informa l&#8217;usuari, usuari registrat o usuari membre de l&#8217;associaci\u00f3 TDAH Cerdanya que la visita i utilitzaci\u00f3 dels recursos pertanyents de la web es monitorar\u00e0, registrar i emmagatzemar tota la seva activitat durant la seva connexi\u00f3 a la web, registrant la identificaci\u00f3 IP de la connexi\u00f3 i tota l&#8217;activitat que es realitzi en la p\u00e0gina web tdahcerdanya.eu, el tipus de connexi\u00f3 que es realitza, les dades que es transmeten i la data i hora de connexi\u00f3. Aquest registre s&#8217;emmagatzemar\u00e0 en els nostres servidors durant 1 any segons les lleis vigents per als efectes legals que determinin les autoritats competents en cas de sol\u00b7licitud.<\/p>\n\n\n\n<p>S&#8217;informa que la p\u00e0gina web tdahcerdanya.eu pot no estar disponible o ser limitat en qualsevol moment i per qualsevol motiu, incloent emerg\u00e8ncies, fallada de l&#8217;enlla\u00e7, problemes en equips de xarxa, interfer\u00e8ncies o for\u00e7a del senyal. L&#8217;Associaci\u00f3 TDAH Cerdanya no es responsabilitza per danys en dades, missatges o p\u00e0gines perdudes o retards en les comunicacions per interrupcions o problemes de rendiment amb el servei. S&#8217;informa que es pot establir l\u00edmits d&#8217;\u00fas, suspendre el servei, limitar o bloquejar comportaments inadequats per l&#8217;usuari i denegar o bloquejar acc\u00e9s a certs serveis o dominis per a protegir la p\u00e0gina web, servidors o xarxes de fraus o activitats que atemptin contra lleis                       nacionals o internacionals.<\/p>\n\n\n\n<p>S&#8217;informa que es podr\u00e0 utilitzar la web tdahcerdanya.eu i els serveis facilitats per a visitar la web amb actitud general respectuosa, escrupolosa, honesta i amb finalitats \u00e8tics dedicats al p\u00fablic en general, utilitzar els serveis oferts en la web, missatgeria instant\u00e0nia, reproduir v\u00eddeos, fotografies o altres mitjans audiovisuals i realitzar qualsevol tipus de transmissi\u00f3 o recepci\u00f3 que sigui legal.<\/p>\n\n\n\n<p>S&#8217;informa que queda totalment prohibit utilitzar la web tdahcerdanya.eu per al seu \u00fas personal, professional o comercial de car\u00e0cter temporal, discontinu o fix. L&#8217;\u00fanica relaci\u00f3 que es pot tenir amb la web tdahcerdanya.eu \u00e9s: usuari, usuari registrat i usuari membre de l&#8217;associaci\u00f3 TDAH Cerdanya sense perjudici que es puguin associar altres drets als usuaris amb el consentiment de l&#8217;associaci\u00f3 TDAH Cerdanya.<\/p>\n\n\n\n<p class=\"has-colibri-color-6-color has-colibri-color-2-background-color has-text-color has-background has-link-color has-medium-font-size wp-elements-6d0a692d655526613c852661a2e6fbd6\"><strong>Mesures de seguretat<\/strong><\/p>\n\n\n\n<p>S&#8217;informa els usuaris, usuaris registrats i usuaris membres de l&#8217;associaci\u00f3 TDAH Cerdanya que les dades personals facilitades s\u00f3n emmagatzemats en bases de dades gestionades per l&#8217;empresa Inform\u00e0tica IGUIN de la poblaci\u00f3 de Bourg-Madame (Fran\u00e7a), assumint totes les mesures t\u00e8cniques, organitzatives i de seguretat que garanteixen la confidencialitat, integritat i qualitat de la informaci\u00f3 continguda en aquestes, d&#8217;acord amb el que s&#8217;estableix en la normativa vigent en protecci\u00f3 de dades.<\/p>\n\n\n\n<p>S&#8217;informa que la comunicaci\u00f3 entre els usuaris i tdahcerdanya.eu utilitza un canal segur HTTPS i les dades transmeses s\u00f3n xifrats de punt a punt, garantint la confidencialitat de totes les dades i activitat dels usuaris.<\/p>\n\n\n\n<p>Tamb\u00e9 s&#8217;informa que tdahcerdanya.eu adopta mesures de seguretat per a detectar l&#8217;exist\u00e8ncia de virus, qualsevol tipus d&#8217;atac que afecti qualsevol contingut de la p\u00e0gina web i atacs a servidors o xarxa on est\u00e0 situada.<\/p>\n\n\n\n<p>S&#8217;informa que les mesures de seguretat en els sistemes inform\u00e0tics en Internet mai s\u00f3n garantides al 100%, per aix\u00f2 s&#8217;informa els usuaris que existeixen virus o altres elements que poden produir alteracions en els sistemes inform\u00e0tics (programari i maquinari) dels usuaris o en els seus documents electr\u00f2nics i en els fitxers que continguin.<\/p>\n\n\n\n<p class=\"has-colibri-color-6-color has-colibri-color-2-background-color has-text-color has-background has-link-color has-medium-font-size wp-elements-16dc14db3801e5ebd4ccd3c6b5e99735\"><strong>Resoluci\u00f3 de conflictes<\/strong><\/p>\n\n\n\n<p>Com a usuaris, s&#8217;informa que tenen a la seva disposici\u00f3 una plataforma de resoluci\u00f3 de litigis que facilita la pr\u00f2pia Comissi\u00f3 Europea i a la qual es pot accedir des del seg\u00fcent enlla\u00e7:<\/p>\n\n\n\n<p><a href=\"https:\/\/ec.europa.eu\/consumers\/\">https:\/\/ec.europa.eu\/consumers\/<\/a>                     <\/p>\n\n\n\n<p class=\"has-colibri-color-6-color has-colibri-color-2-background-color has-text-color has-background has-link-color has-medium-font-size wp-elements-71ba3bee195b25acad7c333f6a4c9e52\"><strong>Drets de propietat intel\u00b7lectual i industrial<\/strong><\/p>\n\n\n\n<p>S&#8217;informa que els drets que s&#8217;han establert sobre els continguts del present av\u00eds legal s\u00f3n de propietat de l&#8217;associaci\u00f3 TDAH Cerdanya.<\/p>\n\n\n\n<p>S&#8217;informa que no se cedeix cap dret de propietat intel\u00b7lectual o industrial sobre la p\u00e0gina web tdahcerdanya.eu ni en cap dels seus elements i components que ho formen.<\/p>\n\n\n\n<p>S&#8217;informa que es prohibeix la reproducci\u00f3, transformaci\u00f3, distribuci\u00f3, comunicaci\u00f3 p\u00fablica o privada, posada a disposici\u00f3 a tercers, extracci\u00f3, reutilitzaci\u00f3, reexpedici\u00f3 o la utilitzaci\u00f3 de qualsevol naturalesa, per qualsevol mitj\u00e0 o procediment, de qualsevol d&#8217;ells, excepte en els casos en qu\u00e8 estigui legalment perm\u00e8s i autoritzat per l&#8217;associaci\u00f3 TDAH Cerdanya, com a titular dels corresponents drets.<\/p>\n\n\n\n<p>Com a Usuari, has de comprendre que la totalitat de la p\u00e0gina web, contenint sense car\u00e0cter exhaustiu el text, programari, continguts (incloent estructura, selecci\u00f3, ordenaci\u00f3 i presentaci\u00f3 dels mateixos), fotografies, material audiovisual  i gr\u00e0fics, est\u00e0 protegida per marques, drets d&#8217;autor i altres drets leg\u00edtims registrats.<\/p>\n\n\n\n<p>Els continguts de la web tdahcerdanya.eu i els continguts dels col\u00b7laboradors s\u00f3n sempre obres originals. Si per alguna ra\u00f3 s&#8217;ha produ\u00eft una violaci\u00f3 sobre drets de propietat intel\u00b7lectual i industrial en aquesta p\u00e0gina web s&#8217;haur\u00e0 d&#8217;avisar per correu electr\u00f2nic: <strong>tdahcerdanya@gmail.com<\/strong> indicant les seg\u00fcents dades:<\/p>\n\n\n\n<ul class=\"wp-block-list\">\n<li>Les teves dades personals si ets el titular dels drets que presumptament s&#8217;han violat, o els de la persona que et representa en cas que la reclamaci\u00f3 la faci un tercer diferent del titular dels drets.<\/li>\n\n\n\n<li>Assenyalar els continguts protegits pels drets de propietat intel\u00b7lectual i la seva ubicaci\u00f3 en la p\u00e0gina web tdahcerdanya.eu, l&#8217;acreditaci\u00f3 dels drets de propietat intel\u00b7lectual que s&#8217;indiquen i la declaraci\u00f3 expressa que l&#8217;interessat es responsabilitza de la veracitat de la informaci\u00f3 que es facilita en l&#8217;av\u00eds.<\/li>\n<\/ul>\n\n\n\n<p class=\"has-colibri-color-6-color has-colibri-color-2-background-color has-text-color has-background has-link-color has-medium-font-size wp-elements-614ec5bd0fc871d1184363d78294db70\"><strong>Drets d&#8217;imatges<\/strong><\/p>\n\n\n\n<p>La p\u00e0gina web tdahcerdanya.eu utilitza imatges i informaci\u00f3 d&#8217;usuaris els quals cedeixen els drets d&#8217;autor perqu\u00e8 es pugui publicar en la p\u00e0gina web. Totes les imatges i informaci\u00f3 dels usuaris tenen drets d&#8217;autor, pel qual s&#8217;apliquen les mateixes pol\u00edtiques de privacitat del present av\u00eds legal per a tots els usuaris de la web.<\/p>\n\n\n\n<p class=\"has-colibri-color-6-color has-colibri-color-2-background-color has-text-color has-background has-link-color has-medium-font-size wp-elements-ae0b9db90ce1750a1fd235088b42a359\"><strong>Enlla\u00e7os externs<\/strong><\/p>\n\n\n\n<p>Els articles i p\u00e0gines de la web tdahcerdanya.eu tenen enlla\u00e7os a altres llocs web propis i continguts que s\u00f3n de propietat de tercers. L&#8217;objectiu d&#8217;aquests enlla\u00e7os \u00e9s per a facilitar l&#8217;acc\u00e9s a aquestes p\u00e0gines web o recursos a l&#8217;usuari que utilitzi la nostra web.<\/p>\n\n\n\n<p>Els enlla\u00e7os que situ\u00efn a la nostra p\u00e0gina web tdahcerdanya.eu o a algun dels nostres continguts no implica en cap cas que existeixi relaci\u00f3 de cap mena entre tdahcerdanya.eu i el propietari del lloc en el qual s&#8217;afegeix l&#8217;enlla\u00e7, ni tampoc l&#8217;acceptaci\u00f3 o aprovaci\u00f3 per part de tdahcerdanya.eu dels seus continguts o serveis.<\/p>\n\n\n\n<p class=\"has-colibri-color-6-color has-colibri-color-2-background-color has-text-color has-background has-link-color has-medium-font-size wp-elements-d46147c6e3058e0d2e090e5e9815a8d5\"><strong>Enlla\u00e7os d&#8217;usuaris i entitats p\u00fabliques<\/strong><\/p>\n\n\n\n<p>En la p\u00e0gina web tdahcerdanya.eu s&#8217;ofereixen enlla\u00e7os a continguts i a entitats p\u00fabliques d&#8217;inter\u00e8s per a oferir als usuaris informaci\u00f3 relacionada amb l&#8217;afinitat de l&#8217;associaci\u00f3 TDAH Cerdanya. TDAH Cerdanya no es fa responsable de les inexactituds o errors que poguessin contenir les informacions dels enlla\u00e7os, ni es garanteix en cap manera cap l&#8217;experi\u00e8ncia, integritat o responsabilitat del contingut dels enlla\u00e7os oferts.<\/p>\n\n\n\n<p class=\"has-colibri-color-6-color has-colibri-color-2-background-color has-text-color has-background has-link-color has-medium-font-size wp-elements-684008bc9e45045153bf2084c732f0b0\"><strong>Exclusi\u00f3 de garanties i responsabilitat<\/strong><\/p>\n\n\n\n<p>S&#8217;informa que l&#8217;associaci\u00f3 TDAH Cerdanya i la seva p\u00e0gina web tdahcerdanya.eu no atorga cap garantia ni responsabilitat, en cap cas dels danys i perjudicis de qualsevol naturalesa que es pugui originar per:<\/p>\n\n\n\n<ul class=\"wp-block-list\">\n<li>La falta de disponibilitat, manteniment i efectiu funcionament de la p\u00e0gina web, dels serveis o continguts que s&#8217;ofereixen.<\/li>\n\n\n\n<li>L&#8217;exist\u00e8ncia de virus, qualsevol amena\u00e7a inform\u00e0tica, programes maliciosos o nocius en els continguts.<\/li>\n\n\n\n<li>L&#8217;\u00fas il\u00b7l\u00edcit, negligent, fraudulent o contrari a aquest Av\u00eds Legal.<\/li>\n\n\n\n<li>La falta de licitud, qualitat, fiabilitat, utilitat i disponibilitat dels serveis prestats per aquesta web i llocs a la disposici\u00f3 dels usuaris.<\/li>\n\n\n\n<li>Dels danys que produeixin per l&#8217;\u00fas il\u00b7legal o indegut d&#8217;aquesta web.<\/li>\n<\/ul>\n\n\n\n<p class=\"has-colibri-color-6-color has-colibri-color-2-background-color has-text-color has-background has-link-color has-medium-font-size wp-elements-f4df3900be0bb3ac912c4c1bc4ef3b5e\"><strong>Llei aplicable i jurisdicci\u00f3<\/strong><\/p>\n\n\n\n<p>S&#8217;informa que les relacions entre tdahcerdanya.eu i els usuaris es troben sotmeses a la legislaci\u00f3 i jurisdicci\u00f3 espanyoles i als tribunals de Catalunya.<\/p>\n\n\n\n<p class=\"has-colibri-color-6-color has-colibri-color-2-background-color has-text-color has-background has-link-color has-medium-font-size wp-elements-6329941a60b2f143fbf9b26b5fe35a3f\"><strong>Contacte<\/strong><\/p>\n\n\n\n<p>S&#8217;informa que el contacte oficial de la web tdahcerdanya.eu i de l\u2019associaci\u00f3 TDAH Cerdanya \u00e9s la seg\u00fcent adre\u00e7a de correu electr\u00f2nic<strong>: <\/strong><strong>info@tdahcerdanya.eu<\/strong><strong><\/strong><\/p>\n\n\n\n<p class=\"has-colibri-color-6-color has-colibri-color-2-background-color has-text-color has-background has-link-color wp-elements-8bdb96d9a8854bf7a313abb6f799a156\"><strong>Canvis en l\u2019av\u00eds legal<\/strong><\/p>\n\n\n\n<p>L\u2019associaci\u00f3 TDAH Cerdanya es reserva el dret a modificar la present av\u00eds legal per a adaptar-la a novetats legislatives o jurisprudencials, aix\u00ed com a actualitzacions necess\u00e0ries.<\/p>\n\n\n\n<p>Aquestes pol\u00edtiques d\u2019av\u00eds legals s\u00f3n vigents a partir de l\u20191 de gener de 2023.<\/p>\n\n\n\n<p>Aquestes pol\u00edtiques d\u2019av\u00eds legals estaran vigents fins que siguin modificades per unes altres degudament publicades i informades.<\/p>\n\n\n\n<p class=\"has-colibri-color-5-color has-colibri-color-6-background-color has-text-color has-background has-link-color has-medium-font-size wp-elements-915d830e4295ee4011c400ade02aa7db\"><strong>Associaci\u00f3 TDAH Cerdanya<\/strong><\/p>\n\n\n<\/div><\/div>\n<\/p><\/div>\n<\/p><\/div>\n<\/p><\/div>\n<\/p><\/div>\n<\/p><\/div>\n<\/p><\/div>\n<\/p><\/div>\n<\/div>","protected":false},"excerpt":{"rendered":"<p>Lleis aplicables: Responsable de la web tdahcerdanya.eu: Condicions: Aquestes condicions regulen l&#8217;\u00fas, incloent l&#8217;acc\u00e9s a la web, de les p\u00e0gines que formen tdahcerdanya.eu, inclosos els continguts i els serveis que s&#8217;ofereixen. En accedir a la web tdahcerdanya.eu adquireixes la condici\u00f3 de \u201cusuari\u201d, i com a usuari has de con\u00e8ixer les condicions que regulen aquestes directrius [&hellip;]<\/p>\n","protected":false},"author":1,"featured_media":0,"parent":0,"menu_order":0,"comment_status":"closed","ping_status":"closed","template":"page-templates\/full-width-page.php","meta":{"footnotes":""},"class_list":["post-610","page","type-page","status-publish","hentry"],"aioseo_notices":[],"_links":{"self":[{"href":"https:\/\/tdahcerdanya.eu\/index.php\/wp-json\/wp\/v2\/pages\/610"}],"collection":[{"href":"https:\/\/tdahcerdanya.eu\/index.php\/wp-json\/wp\/v2\/pages"}],"about":[{"href":"https:\/\/tdahcerdanya.eu\/index.php\/wp-json\/wp\/v2\/types\/page"}],"author":[{"embeddable":true,"href":"https:\/\/tdahcerdanya.eu\/index.php\/wp-json\/wp\/v2\/users\/1"}],"replies":[{"embeddable":true,"href":"https:\/\/tdahcerdanya.eu\/index.php\/wp-json\/wp\/v2\/comments?post=610"}],"version-history":[{"count":7,"href":"https:\/\/tdahcerdanya.eu\/index.php\/wp-json\/wp\/v2\/pages\/610\/revisions"}],"predecessor-version":[{"id":639,"href":"https:\/\/tdahcerdanya.eu\/index.php\/wp-json\/wp\/v2\/pages\/610\/revisions\/639"}],"wp:attachment":[{"href":"https:\/\/tdahcerdanya.eu\/index.php\/wp-json\/wp\/v2\/media?parent=610"}],"curies":[{"name":"wp","href":"https:\/\/api.w.org\/{rel}","templated":true}]}}